{"id":2129,"date":"2026-04-14T15:03:27","date_gmt":"2026-04-14T13:03:27","guid":{"rendered":"https:\/\/www.nauticapineda.com\/?post_type=product&#038;p=2129"},"modified":"2026-04-14T15:08:50","modified_gmt":"2026-04-14T13:08:50","slug":"reserva-casal-2026","status":"publish","type":"product","link":"https:\/\/www.nauticapineda.com\/es\/producte\/reserva-casal-2026\/","title":{"rendered":"Reserva casal 2026"},"content":{"rendered":"<p data-start=\"44\" data-end=\"167\">Una vez os haya sido asignada una plaza en el <strong data-start=\"90\" data-end=\"111\">Casal de Mar 2026<\/strong>, dispondr\u00e9is de <strong data-start=\"128\" data-end=\"140\">48 horas<\/strong> para realizar este pago.<\/p>\n<p data-start=\"169\" data-end=\"318\">Este importe <strong data-start=\"182\" data-end=\"221\">no ser\u00e1 reembolsable en ning\u00fan caso<\/strong> (aunque se descontar\u00e1 del precio final del casal), incluyendo la cancelaci\u00f3n de la asistencia.<\/p>\n","protected":false},"excerpt":{"rendered":"<p data-start=\"44\" data-end=\"202\">Realizad este pago \u00fanicamente si hab\u00e9is recibido el correo de confirmaci\u00f3n de plaza en el casal, y dentro de un plazo m\u00e1ximo de 48 horas desde su recepci\u00f3n.<\/p>\n<p data-start=\"204\" data-end=\"295\" data-is-last-node=\"\" data-is-only-node=\"\">Al realizar el pago, es IMPORTANTE indicar el nombre del ni\u00f1o o ni\u00f1a que asistir\u00e1 al casal.<\/p>\n","protected":false},"featured_media":2116,"comment_status":"open","ping_status":"closed","template":"","meta":[],"product_brand":[],"product_cat":[58],"product_tag":[],"class_list":{"0":"post-2129","1":"product","2":"type-product","3":"status-publish","4":"has-post-thumbnail","6":"product_cat-sin-categorizar","8":"first","9":"instock","10":"virtual","11":"purchasable","12":"product-type-simple"},"yoast_head":"<!-- This site is optimized with the Yoast SEO plugin v27.3 - https:\/\/yoast.com\/product\/yoast-seo-wordpress\/ -->\n<title>Reserva casal 2026 - Base N\u00e0utica Pineda de Mar<\/title>\n<meta name=\"robots\" content=\"index, follow, max-snippet:-1, max-image-preview:large, max-video-preview:-1\" \/>\n<link rel=\"canonical\" href=\"https:\/\/www.nauticapineda.com\/es\/producte\/reserva-casal-2026\/\" \/>\n<meta property=\"og:locale\" content=\"es_ES\" \/>\n<meta property=\"og:type\" content=\"article\" \/>\n<meta property=\"og:title\" content=\"Reserva casal 2026 - Base N\u00e0utica Pineda de Mar\" \/>\n<meta property=\"og:description\" content=\"Realizad este pago \u00fanicamente si hab\u00e9is recibido el correo de confirmaci\u00f3n de plaza en el casal, y dentro de un plazo m\u00e1ximo de 48 horas desde su recepci\u00f3n. Al realizar el pago, es IMPORTANTE indicar el nombre del ni\u00f1o o ni\u00f1a que asistir\u00e1 al casal.\" \/>\n<meta property=\"og:url\" content=\"https:\/\/www.nauticapineda.com\/es\/producte\/reserva-casal-2026\/\" \/>\n<meta property=\"og:site_name\" content=\"Base N\u00e0utica Pineda de Mar\" \/>\n<meta property=\"article:modified_time\" content=\"2026-04-14T13:08:50+00:00\" \/>\n<meta property=\"og:image\" content=\"https:\/\/www.nauticapineda.com\/wp-content\/uploads\/RESERVA-PLACA-CASAL-2026.png\" \/>\n\t<meta property=\"og:image:width\" content=\"2000\" \/>\n\t<meta property=\"og:image:height\" content=\"2000\" \/>\n\t<meta property=\"og:image:type\" content=\"image\/png\" \/>\n<meta name=\"twitter:card\" content=\"summary_large_image\" \/>\n<meta name=\"twitter:label1\" content=\"Tiempo de lectura\" \/>\n\t<meta name=\"twitter:data1\" content=\"1 minuto\" \/>\n<script type=\"application\/ld+json\" class=\"yoast-schema-graph\">{\"@context\":\"https:\\\/\\\/schema.org\",\"@graph\":[{\"@type\":\"WebPage\",\"@id\":\"https:\\\/\\\/www.nauticapineda.com\\\/es\\\/producte\\\/reserva-casal-2026\\\/\",\"url\":\"https:\\\/\\\/www.nauticapineda.com\\\/es\\\/producte\\\/reserva-casal-2026\\\/\",\"name\":\"Reserva casal 2026 - Base N\u00e0utica Pineda de Mar\",\"isPartOf\":{\"@id\":\"https:\\\/\\\/www.nauticapineda.com\\\/es\\\/#website\"},\"primaryImageOfPage\":{\"@id\":\"https:\\\/\\\/www.nauticapineda.com\\\/es\\\/producte\\\/reserva-casal-2026\\\/#primaryimage\"},\"image\":{\"@id\":\"https:\\\/\\\/www.nauticapineda.com\\\/es\\\/producte\\\/reserva-casal-2026\\\/#primaryimage\"},\"thumbnailUrl\":\"https:\\\/\\\/www.nauticapineda.com\\\/wp-content\\\/uploads\\\/RESERVA-PLACA-CASAL-2026.png\",\"datePublished\":\"2026-04-14T13:03:27+00:00\",\"dateModified\":\"2026-04-14T13:08:50+00:00\",\"breadcrumb\":{\"@id\":\"https:\\\/\\\/www.nauticapineda.com\\\/es\\\/producte\\\/reserva-casal-2026\\\/#breadcrumb\"},\"inLanguage\":\"es\",\"potentialAction\":[{\"@type\":\"ReadAction\",\"target\":[\"https:\\\/\\\/www.nauticapineda.com\\\/es\\\/producte\\\/reserva-casal-2026\\\/\"]}]},{\"@type\":\"ImageObject\",\"inLanguage\":\"es\",\"@id\":\"https:\\\/\\\/www.nauticapineda.com\\\/es\\\/producte\\\/reserva-casal-2026\\\/#primaryimage\",\"url\":\"https:\\\/\\\/www.nauticapineda.com\\\/wp-content\\\/uploads\\\/RESERVA-PLACA-CASAL-2026.png\",\"contentUrl\":\"https:\\\/\\\/www.nauticapineda.com\\\/wp-content\\\/uploads\\\/RESERVA-PLACA-CASAL-2026.png\",\"width\":2000,\"height\":2000},{\"@type\":\"BreadcrumbList\",\"@id\":\"https:\\\/\\\/www.nauticapineda.com\\\/es\\\/producte\\\/reserva-casal-2026\\\/#breadcrumb\",\"itemListElement\":[{\"@type\":\"ListItem\",\"position\":1,\"name\":\"Inici\",\"item\":\"https:\\\/\\\/www.nauticapineda.com\\\/es\\\/home\\\/\"},{\"@type\":\"ListItem\",\"position\":2,\"name\":\"Finalizar compra\",\"item\":\"https:\\\/\\\/www.nauticapineda.com\\\/es\\\/finalizar-compra\\\/\"},{\"@type\":\"ListItem\",\"position\":3,\"name\":\"Reserva casal 2026\"}]},{\"@type\":\"WebSite\",\"@id\":\"https:\\\/\\\/www.nauticapineda.com\\\/es\\\/#website\",\"url\":\"https:\\\/\\\/www.nauticapineda.com\\\/es\\\/\",\"name\":\"Base N\u00e0utica Pineda de Mar\",\"description\":\"Activitats n\u00e0utiques a la platja de Pineda de Mar\",\"publisher\":{\"@id\":\"https:\\\/\\\/www.nauticapineda.com\\\/es\\\/#organization\"},\"alternateName\":\"Activitats n\u00e0utiques a la platja de Pineda de Mar\",\"potentialAction\":[{\"@type\":\"SearchAction\",\"target\":{\"@type\":\"EntryPoint\",\"urlTemplate\":\"https:\\\/\\\/www.nauticapineda.com\\\/es\\\/?s={search_term_string}\"},\"query-input\":{\"@type\":\"PropertyValueSpecification\",\"valueRequired\":true,\"valueName\":\"search_term_string\"}}],\"inLanguage\":\"es\"},{\"@type\":\"Organization\",\"@id\":\"https:\\\/\\\/www.nauticapineda.com\\\/es\\\/#organization\",\"name\":\"Base N\u00e0utica Pineda de Mar\",\"url\":\"https:\\\/\\\/www.nauticapineda.com\\\/es\\\/\",\"logo\":{\"@type\":\"ImageObject\",\"inLanguage\":\"es\",\"@id\":\"https:\\\/\\\/www.nauticapineda.com\\\/es\\\/#\\\/schema\\\/logo\\\/image\\\/\",\"url\":\"https:\\\/\\\/www.nauticapineda.com\\\/wp-content\\\/uploads\\\/2023\\\/02\\\/logo-base-nautica-pineda.png\",\"contentUrl\":\"https:\\\/\\\/www.nauticapineda.com\\\/wp-content\\\/uploads\\\/2023\\\/02\\\/logo-base-nautica-pineda.png\",\"width\":400,\"height\":292,\"caption\":\"Base N\u00e0utica Pineda de Mar\"},\"image\":{\"@id\":\"https:\\\/\\\/www.nauticapineda.com\\\/es\\\/#\\\/schema\\\/logo\\\/image\\\/\"}}]}<\/script>\n<!-- \/ Yoast SEO plugin. -->","yoast_head_json":{"title":"Reserva casal 2026 - Base N\u00e0utica Pineda de Mar","robots":{"index":"index","follow":"follow","max-snippet":"max-snippet:-1","max-image-preview":"max-image-preview:large","max-video-preview":"max-video-preview:-1"},"canonical":"https:\/\/www.nauticapineda.com\/es\/producte\/reserva-casal-2026\/","og_locale":"es_ES","og_type":"article","og_title":"Reserva casal 2026 - Base N\u00e0utica Pineda de Mar","og_description":"Realizad este pago \u00fanicamente si hab\u00e9is recibido el correo de confirmaci\u00f3n de plaza en el casal, y dentro de un plazo m\u00e1ximo de 48 horas desde su recepci\u00f3n. Al realizar el pago, es IMPORTANTE indicar el nombre del ni\u00f1o o ni\u00f1a que asistir\u00e1 al casal.","og_url":"https:\/\/www.nauticapineda.com\/es\/producte\/reserva-casal-2026\/","og_site_name":"Base N\u00e0utica Pineda de Mar","article_modified_time":"2026-04-14T13:08:50+00:00","og_image":[{"width":2000,"height":2000,"url":"https:\/\/www.nauticapineda.com\/wp-content\/uploads\/RESERVA-PLACA-CASAL-2026.png","type":"image\/png"}],"twitter_card":"summary_large_image","twitter_misc":{"Tiempo de lectura":"1 minuto"},"schema":{"@context":"https:\/\/schema.org","@graph":[{"@type":"WebPage","@id":"https:\/\/www.nauticapineda.com\/es\/producte\/reserva-casal-2026\/","url":"https:\/\/www.nauticapineda.com\/es\/producte\/reserva-casal-2026\/","name":"Reserva casal 2026 - Base N\u00e0utica Pineda de Mar","isPartOf":{"@id":"https:\/\/www.nauticapineda.com\/es\/#website"},"primaryImageOfPage":{"@id":"https:\/\/www.nauticapineda.com\/es\/producte\/reserva-casal-2026\/#primaryimage"},"image":{"@id":"https:\/\/www.nauticapineda.com\/es\/producte\/reserva-casal-2026\/#primaryimage"},"thumbnailUrl":"https:\/\/www.nauticapineda.com\/wp-content\/uploads\/RESERVA-PLACA-CASAL-2026.png","datePublished":"2026-04-14T13:03:27+00:00","dateModified":"2026-04-14T13:08:50+00:00","breadcrumb":{"@id":"https:\/\/www.nauticapineda.com\/es\/producte\/reserva-casal-2026\/#breadcrumb"},"inLanguage":"es","potentialAction":[{"@type":"ReadAction","target":["https:\/\/www.nauticapineda.com\/es\/producte\/reserva-casal-2026\/"]}]},{"@type":"ImageObject","inLanguage":"es","@id":"https:\/\/www.nauticapineda.com\/es\/producte\/reserva-casal-2026\/#primaryimage","url":"https:\/\/www.nauticapineda.com\/wp-content\/uploads\/RESERVA-PLACA-CASAL-2026.png","contentUrl":"https:\/\/www.nauticapineda.com\/wp-content\/uploads\/RESERVA-PLACA-CASAL-2026.png","width":2000,"height":2000},{"@type":"BreadcrumbList","@id":"https:\/\/www.nauticapineda.com\/es\/producte\/reserva-casal-2026\/#breadcrumb","itemListElement":[{"@type":"ListItem","position":1,"name":"Inici","item":"https:\/\/www.nauticapineda.com\/es\/home\/"},{"@type":"ListItem","position":2,"name":"Finalizar compra","item":"https:\/\/www.nauticapineda.com\/es\/finalizar-compra\/"},{"@type":"ListItem","position":3,"name":"Reserva casal 2026"}]},{"@type":"WebSite","@id":"https:\/\/www.nauticapineda.com\/es\/#website","url":"https:\/\/www.nauticapineda.com\/es\/","name":"Base N\u00e0utica Pineda de Mar","description":"Activitats n\u00e0utiques a la platja de Pineda de Mar","publisher":{"@id":"https:\/\/www.nauticapineda.com\/es\/#organization"},"alternateName":"Activitats n\u00e0utiques a la platja de Pineda de Mar","potentialAction":[{"@type":"SearchAction","target":{"@type":"EntryPoint","urlTemplate":"https:\/\/www.nauticapineda.com\/es\/?s={search_term_string}"},"query-input":{"@type":"PropertyValueSpecification","valueRequired":true,"valueName":"search_term_string"}}],"inLanguage":"es"},{"@type":"Organization","@id":"https:\/\/www.nauticapineda.com\/es\/#organization","name":"Base N\u00e0utica Pineda de Mar","url":"https:\/\/www.nauticapineda.com\/es\/","logo":{"@type":"ImageObject","inLanguage":"es","@id":"https:\/\/www.nauticapineda.com\/es\/#\/schema\/logo\/image\/","url":"https:\/\/www.nauticapineda.com\/wp-content\/uploads\/2023\/02\/logo-base-nautica-pineda.png","contentUrl":"https:\/\/www.nauticapineda.com\/wp-content\/uploads\/2023\/02\/logo-base-nautica-pineda.png","width":400,"height":292,"caption":"Base N\u00e0utica Pineda de Mar"},"image":{"@id":"https:\/\/www.nauticapineda.com\/es\/#\/schema\/logo\/image\/"}}]}},"jetpack_sharing_enabled":true,"_links":{"self":[{"href":"https:\/\/www.nauticapineda.com\/es\/wp-json\/wp\/v2\/product\/2129","targetHints":{"allow":["GET"]}}],"collection":[{"href":"https:\/\/www.nauticapineda.com\/es\/wp-json\/wp\/v2\/product"}],"about":[{"href":"https:\/\/www.nauticapineda.com\/es\/wp-json\/wp\/v2\/types\/product"}],"replies":[{"embeddable":true,"href":"https:\/\/www.nauticapineda.com\/es\/wp-json\/wp\/v2\/comments?post=2129"}],"wp:featuredmedia":[{"embeddable":true,"href":"https:\/\/www.nauticapineda.com\/es\/wp-json\/wp\/v2\/media\/2116"}],"wp:attachment":[{"href":"https:\/\/www.nauticapineda.com\/es\/wp-json\/wp\/v2\/media?parent=2129"}],"wp:term":[{"taxonomy":"product_brand","embeddable":true,"href":"https:\/\/www.nauticapineda.com\/es\/wp-json\/wp\/v2\/product_brand?post=2129"},{"taxonomy":"product_cat","embeddable":true,"href":"https:\/\/www.nauticapineda.com\/es\/wp-json\/wp\/v2\/product_cat?post=2129"},{"taxonomy":"product_tag","embeddable":true,"href":"https:\/\/www.nauticapineda.com\/es\/wp-json\/wp\/v2\/product_tag?post=2129"}],"curies":[{"name":"wp","href":"https:\/\/api.w.org\/{rel}","templated":true}]}}